{"id":1808,"date":"2019-07-16T13:04:10","date_gmt":"2019-07-16T11:04:10","guid":{"rendered":"https:\/\/business-code.taenzer.work\/?page_id=1808"},"modified":"2020-09-03T14:08:10","modified_gmt":"2020-09-03T12:08:10","slug":"more-than-just-it","status":"publish","type":"page","link":"https:\/\/business-code.taenzer.work\/en\/about-us\/more-than-just-it\/","title":{"rendered":"More than just IT"},"content":{"rendered":"<section class=\"ab-block-post-grid featuredpost aligncenter\"><div class=\"ab-post-grid-items is-grid columns-3\"><article id=\"post-2256\" class=\"ab-post-grid-item post-2256 post type-post status-publish format-standard has-post-thumbnail hentry category-blog-news-en category-news-en category-our-commitment tag-businesscode-2 tag-businesscode-bonn-2 tag-carbon-accounting-system-2 tag-climate-change tag-climate-protection tag-digital-transformation-middle-class tag-digitization-of-processes tag-fridays-for-future-2 tag-it-consulting-2 tag-it-consulting-bonn-en tag-it-for-future-en tag-performance-management-2 tag-software-logistics\"><div class=\"ab-block-post-grid-image\"><a href=\"https:\/\/business-code.taenzer.work\/en\/business-code-and-fridays-for-future\/\" rel=\"bookmark\" aria-hidden=\"true\" tabindex=\"-1\"><img loading=\"lazy\" decoding=\"async\" width=\"1280\" height=\"519\" src=\"https:\/\/business-code.taenzer.work\/wp-content\/uploads\/2019\/09\/climate-strike-4113371_1280-Pixabay.jpg\" class=\"attachment-full size-full\" alt=\"Ein Beitrag zum FridayforFuture Tag und der Klimaschutzdiskussion\" srcset=\"https:\/\/business-code.taenzer.work\/wp-content\/uploads\/2019\/09\/climate-strike-4113371_1280-Pixabay.jpg 1280w, https:\/\/business-code.taenzer.work\/wp-content\/uploads\/2019\/09\/climate-strike-4113371_1280-Pixabay-300x122.jpg 300w, https:\/\/business-code.taenzer.work\/wp-content\/uploads\/2019\/09\/climate-strike-4113371_1280-Pixabay-768x311.jpg 768w, https:\/\/business-code.taenzer.work\/wp-content\/uploads\/2019\/09\/climate-strike-4113371_1280-Pixabay-1024x415.jpg 1024w\" sizes=\"auto, (max-width: 1280px) 100vw, 1280px\" \/><\/a><\/div><div class=\"ab-block-post-grid-text\"><header class=\"ab-block-post-grid-header\"><h3 class=\"ab-block-post-grid-title\"><a href=\"https:\/\/business-code.taenzer.work\/en\/business-code-and-fridays-for-future\/\" rel=\"bookmark\">&#8220;If you can\u2019t measure it, you can&#8217;t manage it&#8221; (Peter Drucker)<\/a><\/h3><div class=\"ab-block-post-grid-byline\"><time datetime=\"2019-09-20T15:02:08+02:00\" class=\"ab-block-post-grid-date\" itemprop=\"datePublished\">20. September 2019<\/time><\/div><\/header><div class=\"ab-block-post-grid-excerpt\"><p>A contribution to Fridays for Future and the Climate Change Discussion.<\/p>\n<p><a class=\"ab-block-post-grid-more-link ab-text-link\" href=\"https:\/\/business-code.taenzer.work\/en\/business-code-and-fridays-for-future\/\" rel=\"bookmark\">Read more <span class=\"screen-reader-text\">&#8220;If you can\u2019t measure it, you can&#8217;t manage it&#8221; (Peter Drucker)<\/span><\/a><\/p><\/div><\/div><\/article>\n<article id=\"post-1835\" class=\"ab-post-grid-item post-1835 post type-post status-publish format-standard has-post-thumbnail hentry category-blog-news-en category-news-en category-our-commitment tag-bonner-muenster-en-2 tag-bonner-muenster-en tag-businesscode-2 tag-businesscode-bonn-2 tag-colleague-en-2 tag-deutsches-museum-bonn-2 tag-digitalization tag-digitization tag-education-2 tag-employee-en tag-excellence-university-en tag-harald-wagener-2 tag-inside-businesscode-en tag-inside-businesscode-en-2 tag-it-bonn-2 tag-it-consulting-2 tag-it-consulting-bonn-en tag-mint-2 tag-photographer-en tag-photographs-en tag-photography-en-2 tag-photos-en tag-pupils-2 tag-school-2 tag-university-bonn-en\"><div class=\"ab-block-post-grid-image\"><a href=\"https:\/\/business-code.taenzer.work\/en\/inside-businesscode-harald-wagener-and-photography\/\" rel=\"bookmark\" aria-hidden=\"true\" tabindex=\"-1\"><img loading=\"lazy\" decoding=\"async\" width=\"1734\" height=\"1732\" src=\"https:\/\/business-code.taenzer.work\/wp-content\/uploads\/2019\/07\/Planet3_2019-05-17-154250.jpg\" class=\"attachment-full size-full\" alt=\"\" srcset=\"https:\/\/business-code.taenzer.work\/wp-content\/uploads\/2019\/07\/Planet3_2019-05-17-154250.jpg 1734w, https:\/\/business-code.taenzer.work\/wp-content\/uploads\/2019\/07\/Planet3_2019-05-17-154250-150x150.jpg 150w, https:\/\/business-code.taenzer.work\/wp-content\/uploads\/2019\/07\/Planet3_2019-05-17-154250-300x300.jpg 300w, https:\/\/business-code.taenzer.work\/wp-content\/uploads\/2019\/07\/Planet3_2019-05-17-154250-768x767.jpg 768w, https:\/\/business-code.taenzer.work\/wp-content\/uploads\/2019\/07\/Planet3_2019-05-17-154250-1024x1024.jpg 1024w, https:\/\/business-code.taenzer.work\/wp-content\/uploads\/2019\/07\/Planet3_2019-05-17-154250-600x600.jpg 600w\" sizes=\"auto, (max-width: 1734px) 100vw, 1734px\" \/><\/a><\/div><div class=\"ab-block-post-grid-text\"><header class=\"ab-block-post-grid-header\"><h3 class=\"ab-block-post-grid-title\"><a href=\"https:\/\/business-code.taenzer.work\/en\/inside-businesscode-harald-wagener-and-photography\/\" rel=\"bookmark\">Inside BusinessCode: Harald Wagener and photography<\/a><\/h3><div class=\"ab-block-post-grid-byline\"><time datetime=\"2019-07-24T10:23:57+02:00\" class=\"ab-block-post-grid-date\" itemprop=\"datePublished\">24. July 2019<\/time><\/div><\/header><div class=\"ab-block-post-grid-excerpt\"><p>Our employee Harald Wagener has been a passionate photographer for decades. For BusinessCode he created his own pictures with reference to Bonn.<\/p>\n<p><a class=\"ab-block-post-grid-more-link ab-text-link\" href=\"https:\/\/business-code.taenzer.work\/en\/inside-businesscode-harald-wagener-and-photography\/\" rel=\"bookmark\">Read more <span class=\"screen-reader-text\">Inside BusinessCode: Harald Wagener and photography<\/span><\/a><\/p><\/div><\/div><\/article>\n<article id=\"post-1796\" class=\"ab-post-grid-item post-1796 post type-post status-publish format-standard has-post-thumbnail hentry category-blog-news-en category-news-en category-our-commitment tag-bonn tag-businesscode-2 tag-businesscode-bonn-2 tag-deutsches-museum-bonn-2 tag-education-2 tag-it-bonn-2 tag-it-consulting-2 tag-it-consulting-bonn-en tag-martin-bernemann-2 tag-martin-schulze-2 tag-mint-2 tag-pupils-2 tag-school-2 tag-software-developer tag-software-developer-bonn tag-software-development tag-software-development-bonn\"><div class=\"ab-block-post-grid-image\"><a href=\"https:\/\/business-code.taenzer.work\/en\/businesscode-wants-to-impart-it-knowledge-with-deutsches-museum-bonn\/\" rel=\"bookmark\" aria-hidden=\"true\" tabindex=\"-1\"><img loading=\"lazy\" decoding=\"async\" width=\"6000\" height=\"4000\" src=\"https:\/\/business-code.taenzer.work\/wp-content\/uploads\/2019\/07\/Martin-Bernemann-und-Martin-Schulze-2.jpg\" class=\"attachment-full size-full\" alt=\"\" srcset=\"https:\/\/business-code.taenzer.work\/wp-content\/uploads\/2019\/07\/Martin-Bernemann-und-Martin-Schulze-2.jpg 6000w, https:\/\/business-code.taenzer.work\/wp-content\/uploads\/2019\/07\/Martin-Bernemann-und-Martin-Schulze-2-300x200.jpg 300w, https:\/\/business-code.taenzer.work\/wp-content\/uploads\/2019\/07\/Martin-Bernemann-und-Martin-Schulze-2-768x512.jpg 768w, https:\/\/business-code.taenzer.work\/wp-content\/uploads\/2019\/07\/Martin-Bernemann-und-Martin-Schulze-2-1024x683.jpg 1024w, https:\/\/business-code.taenzer.work\/wp-content\/uploads\/2019\/07\/Martin-Bernemann-und-Martin-Schulze-2-600x400.jpg 600w\" sizes=\"auto, (max-width: 6000px) 100vw, 6000px\" \/><\/a><\/div><div class=\"ab-block-post-grid-text\"><header class=\"ab-block-post-grid-header\"><h3 class=\"ab-block-post-grid-title\"><a href=\"https:\/\/business-code.taenzer.work\/en\/businesscode-wants-to-impart-it-knowledge-with-deutsches-museum-bonn\/\" rel=\"bookmark\">BusinessCode wants to impart IT knowledge with Deutsches Museum Bonn<\/a><\/h3><div class=\"ab-block-post-grid-byline\"><time datetime=\"2019-07-11T11:47:51+02:00\" class=\"ab-block-post-grid-date\" itemprop=\"datePublished\">11. July 2019<\/time><\/div><\/header><div class=\"ab-block-post-grid-excerpt\"><p>IT for future. BusinessCode tries to motivate children and young people to become enthusiastic about IT and to familiarize them with MINT professions.<\/p>\n<p><a class=\"ab-block-post-grid-more-link ab-text-link\" href=\"https:\/\/business-code.taenzer.work\/en\/businesscode-wants-to-impart-it-knowledge-with-deutsches-museum-bonn\/\" rel=\"bookmark\">Read more <span class=\"screen-reader-text\">BusinessCode wants to impart IT knowledge with Deutsches Museum Bonn<\/span><\/a><\/p><\/div><\/div><\/article>\n<article id=\"post-1750\" class=\"ab-post-grid-item post-1750 post type-post status-publish format-standard has-post-thumbnail hentry category-blog-news-en category-news-en category-our-commitment tag-bonn tag-businesscode-2 tag-engagement-3 tag-it-bonn-2 tag-it-consulting-bonn-en tag-social-skills tag-ssf tag-swimming-2 tag-swimming-pool\"><div class=\"ab-block-post-grid-image\"><a href=\"https:\/\/business-code.taenzer.work\/en\/the-day-of-swimming-soon-a-historical-event-in-bonn\/\" rel=\"bookmark\" aria-hidden=\"true\" tabindex=\"-1\"><img loading=\"lazy\" decoding=\"async\" width=\"4000\" height=\"1827\" src=\"https:\/\/business-code.taenzer.work\/wp-content\/uploads\/2019\/06\/DSC_0704-e1562848723628.jpg\" class=\"attachment-full size-full\" alt=\"J\u00fcrgen Baro (Vorsitzender SSF Bonn), Martin Schulze (Gesch\u00e4ftsf\u00fchrer BusinessCode) und Georg Wambach (Abteilungsleiter Schwimmen)\" srcset=\"https:\/\/business-code.taenzer.work\/wp-content\/uploads\/2019\/06\/DSC_0704-e1562848723628.jpg 4000w, https:\/\/business-code.taenzer.work\/wp-content\/uploads\/2019\/06\/DSC_0704-e1562848723628-300x137.jpg 300w, https:\/\/business-code.taenzer.work\/wp-content\/uploads\/2019\/06\/DSC_0704-e1562848723628-768x351.jpg 768w, https:\/\/business-code.taenzer.work\/wp-content\/uploads\/2019\/06\/DSC_0704-e1562848723628-1024x468.jpg 1024w\" sizes=\"auto, (max-width: 4000px) 100vw, 4000px\" \/><\/a><\/div><div class=\"ab-block-post-grid-text\"><header class=\"ab-block-post-grid-header\"><h3 class=\"ab-block-post-grid-title\"><a href=\"https:\/\/business-code.taenzer.work\/en\/the-day-of-swimming-soon-a-historical-event-in-bonn\/\" rel=\"bookmark\">The &#8220;day of swimming&#8221; &#8211; soon a historical event in Bonn?<\/a><\/h3><div class=\"ab-block-post-grid-byline\"><time datetime=\"2019-06-24T11:32:41+02:00\" class=\"ab-block-post-grid-date\" itemprop=\"datePublished\">24. June 2019<\/time><\/div><\/header><div class=\"ab-block-post-grid-excerpt\"><p>We as BusinessCode would like to support swimming in Bonn so that every child can swim safely at the end of the fourth or at latest of the sixth grade.<\/p>\n<p><a class=\"ab-block-post-grid-more-link ab-text-link\" href=\"https:\/\/business-code.taenzer.work\/en\/the-day-of-swimming-soon-a-historical-event-in-bonn\/\" rel=\"bookmark\">Read more <span class=\"screen-reader-text\">The &#8220;day of swimming&#8221; &#8211; soon a historical event in Bonn?<\/span><\/a><\/p><\/div><\/div><\/article>\n<\/div><\/section>","protected":false},"excerpt":{"rendered":"<p>Since BusinessCode was founded on the football pitch, the company stands for much more than just IT. With our roots in Bonn, we are involved locally and with a view to the wider world in the fields of education and sport.<\/p>\n","protected":false},"author":3,"featured_media":1810,"parent":447,"menu_order":0,"comment_status":"closed","ping_status":"closed","template":"","meta":{"footnotes":""},"class_list":["post-1808","page","type-page","status-publish","has-post-thumbnail","hentry"],"yoast_head":"<!-- This site is optimized with the Yoast SEO plugin v20.8 - https:\/\/yoast.com\/wordpress\/plugins\/seo\/ -->\n<title>More than just IT - BusinessCode<\/title>\n<meta name=\"description\" content=\"Founded on the football pitch, with our roots in Bonn, we are involved locally and with a view to the wider world in the fields of education and sport.\" \/>\n<meta name=\"robots\" content=\"noindex, follow, max-snippet:-1, max-image-preview:large, max-video-preview:-1\" \/>\n<meta property=\"og:locale\" content=\"en_US\" \/>\n<meta property=\"og:type\" content=\"article\" \/>\n<meta property=\"og:title\" content=\"More than just IT - BusinessCode\" \/>\n<meta property=\"og:description\" content=\"Founded on the football pitch, with our roots in Bonn, we are involved locally and with a view to the wider world in the fields of education and sport.\" \/>\n<meta property=\"og:url\" content=\"https:\/\/business-code.taenzer.work\/en\/about-us\/more-than-just-it\/\" \/>\n<meta property=\"og:site_name\" content=\"BusinessCode\" \/>\n<meta property=\"article:publisher\" content=\"https:\/\/www.facebook.com\/BusinessCodeGmbH\/\" \/>\n<meta property=\"article:modified_time\" content=\"2020-09-03T12:08:10+00:00\" \/>\n<meta property=\"og:image\" content=\"https:\/\/business-code.taenzer.work\/wp-content\/uploads\/2019\/07\/4.0_header_news_mehralsnurit.jpg\" \/>\n\t<meta property=\"og:image:width\" content=\"1280\" \/>\n\t<meta property=\"og:image:height\" content=\"371\" \/>\n\t<meta property=\"og:image:type\" content=\"image\/jpeg\" \/>\n<meta name=\"twitter:card\" content=\"summary_large_image\" \/>\n<!-- \/ Yoast SEO plugin. -->","yoast_head_json":{"title":"More than just IT - BusinessCode","description":"Founded on the football pitch, with our roots in Bonn, we are involved locally and with a view to the wider world in the fields of education and sport.","robots":{"index":"noindex","follow":"follow","max-snippet":"max-snippet:-1","max-image-preview":"max-image-preview:large","max-video-preview":"max-video-preview:-1"},"og_locale":"en_US","og_type":"article","og_title":"More than just IT - BusinessCode","og_description":"Founded on the football pitch, with our roots in Bonn, we are involved locally and with a view to the wider world in the fields of education and sport.","og_url":"https:\/\/business-code.taenzer.work\/en\/about-us\/more-than-just-it\/","og_site_name":"BusinessCode","article_publisher":"https:\/\/www.facebook.com\/BusinessCodeGmbH\/","article_modified_time":"2020-09-03T12:08:10+00:00","og_image":[{"width":1280,"height":371,"url":"https:\/\/business-code.taenzer.work\/wp-content\/uploads\/2019\/07\/4.0_header_news_mehralsnurit.jpg","type":"image\/jpeg"}],"twitter_card":"summary_large_image","schema":{"@context":"https:\/\/schema.org","@graph":[{"@type":"WebPage","@id":"https:\/\/business-code.taenzer.work\/en\/about-us\/more-than-just-it\/","url":"https:\/\/business-code.taenzer.work\/en\/about-us\/more-than-just-it\/","name":"More than just IT - BusinessCode","isPartOf":{"@id":"https:\/\/business-code.taenzer.work\/#website"},"datePublished":"2019-07-16T11:04:10+00:00","dateModified":"2020-09-03T12:08:10+00:00","description":"Founded on the football pitch, with our roots in Bonn, we are involved locally and with a view to the wider world in the fields of education and sport.","breadcrumb":{"@id":"https:\/\/business-code.taenzer.work\/en\/about-us\/more-than-just-it\/#breadcrumb"},"inLanguage":"en-US","potentialAction":[{"@type":"ReadAction","target":["https:\/\/business-code.taenzer.work\/en\/about-us\/more-than-just-it\/"]}]},{"@type":"BreadcrumbList","@id":"https:\/\/business-code.taenzer.work\/en\/about-us\/more-than-just-it\/#breadcrumb","itemListElement":[{"@type":"ListItem","position":1,"name":"Home","item":"https:\/\/business-code.taenzer.work\/en\/"},{"@type":"ListItem","position":2,"name":"About us","item":"https:\/\/business-code.taenzer.work\/en\/about-us\/"},{"@type":"ListItem","position":3,"name":"More than just IT"}]},{"@type":"WebSite","@id":"https:\/\/business-code.taenzer.work\/#website","url":"https:\/\/business-code.taenzer.work\/","name":"BusinessCode","description":"IT for future","publisher":{"@id":"https:\/\/business-code.taenzer.work\/#organization"},"potentialAction":[{"@type":"SearchAction","target":{"@type":"EntryPoint","urlTemplate":"https:\/\/business-code.taenzer.work\/?s={search_term_string}"},"query-input":"required name=search_term_string"}],"inLanguage":"en-US"},{"@type":"Organization","@id":"https:\/\/business-code.taenzer.work\/#organization","name":"BusinessCode","url":"https:\/\/business-code.taenzer.work\/","logo":{"@type":"ImageObject","inLanguage":"en-US","@id":"https:\/\/business-code.taenzer.work\/#\/schema\/logo\/image\/","url":"https:\/\/business-code.taenzer.work\/wp-content\/uploads\/2019\/03\/bc-logo.png","contentUrl":"https:\/\/business-code.taenzer.work\/wp-content\/uploads\/2019\/03\/bc-logo.png","width":274,"height":36,"caption":"BusinessCode"},"image":{"@id":"https:\/\/business-code.taenzer.work\/#\/schema\/logo\/image\/"},"sameAs":["https:\/\/www.facebook.com\/BusinessCodeGmbH\/","https:\/\/www.linkedin.com\/company\/111545\/"]}]}},"featured_image_src":"https:\/\/business-code.taenzer.work\/wp-content\/uploads\/2019\/07\/4.0_header_news_mehralsnurit-600x371.jpg","featured_image_src_square":"https:\/\/business-code.taenzer.work\/wp-content\/uploads\/2019\/07\/4.0_header_news_mehralsnurit-600x371.jpg","_links":{"self":[{"href":"https:\/\/business-code.taenzer.work\/en\/wp-json\/wp\/v2\/pages\/1808","targetHints":{"allow":["GET"]}}],"collection":[{"href":"https:\/\/business-code.taenzer.work\/en\/wp-json\/wp\/v2\/pages"}],"about":[{"href":"https:\/\/business-code.taenzer.work\/en\/wp-json\/wp\/v2\/types\/page"}],"author":[{"embeddable":true,"href":"https:\/\/business-code.taenzer.work\/en\/wp-json\/wp\/v2\/users\/3"}],"replies":[{"embeddable":true,"href":"https:\/\/business-code.taenzer.work\/en\/wp-json\/wp\/v2\/comments?post=1808"}],"version-history":[{"count":1,"href":"https:\/\/business-code.taenzer.work\/en\/wp-json\/wp\/v2\/pages\/1808\/revisions"}],"predecessor-version":[{"id":1815,"href":"https:\/\/business-code.taenzer.work\/en\/wp-json\/wp\/v2\/pages\/1808\/revisions\/1815"}],"up":[{"embeddable":true,"href":"https:\/\/business-code.taenzer.work\/en\/wp-json\/wp\/v2\/pages\/447"}],"wp:featuredmedia":[{"embeddable":true,"href":"https:\/\/business-code.taenzer.work\/en\/wp-json\/wp\/v2\/media\/1810"}],"wp:attachment":[{"href":"https:\/\/business-code.taenzer.work\/en\/wp-json\/wp\/v2\/media?parent=1808"}],"curies":[{"name":"wp","href":"https:\/\/api.w.org\/{rel}","templated":true}]}}