{"id":452,"date":"2019-03-26T12:03:13","date_gmt":"2019-03-26T11:03:13","guid":{"rendered":"http:\/\/business-code.taenzer.work\/?page_id=452"},"modified":"2020-05-28T13:37:28","modified_gmt":"2020-05-28T11:37:28","slug":"we-are-your-partner","status":"publish","type":"page","link":"https:\/\/business-code.taenzer.work\/en\/about-us\/we-are-your-partner\/","title":{"rendered":"We are your partner"},"content":{"rendered":"\n<h2 class=\"wp-block-heading\">Our technology partners <\/h2>\n\n\n\n<p>We know: It is not the latest technology that makes your project successful, but the right technology. Your goals, requirements and resources decide which technological partners we integrate. Trust our experience. <\/p>\n\n\n\n<p>BusinessCode has been working with different technology partners for many years and knows their strengths and weaknesses, so we know what suits you best.<\/p>\n\n\n\n<div class=\"wp-block-columns has-3-columns is-layout-flex wp-container-core-columns-is-layout-9d6595d7 wp-block-columns-is-layout-flex\">\n<div class=\"wp-block-column is-layout-flow wp-block-column-is-layout-flow\"><\/div>\n\n\n\n<div class=\"wp-block-column is-layout-flow wp-block-column-is-layout-flow\">\n<figure class=\"wp-block-image size-thumbnail\"><a href=\"https:\/\/cloud.telekom.de\/\"><img loading=\"lazy\" decoding=\"async\" width=\"150\" height=\"150\" src=\"https:\/\/business-code.taenzer.work\/wp-content\/uploads\/2020\/02\/T_CB_3c_p-150x150.png\" alt=\"\" class=\"wp-image-2681\" srcset=\"https:\/\/business-code.taenzer.work\/wp-content\/uploads\/2020\/02\/T_CB_3c_p-150x150.png 150w, https:\/\/business-code.taenzer.work\/wp-content\/uploads\/2020\/02\/T_CB_3c_p-300x300.png 300w, https:\/\/business-code.taenzer.work\/wp-content\/uploads\/2020\/02\/T_CB_3c_p-1024x1024.png 1024w, https:\/\/business-code.taenzer.work\/wp-content\/uploads\/2020\/02\/T_CB_3c_p-768x768.png 768w, https:\/\/business-code.taenzer.work\/wp-content\/uploads\/2020\/02\/T_CB_3c_p-1536x1536.png 1536w, https:\/\/business-code.taenzer.work\/wp-content\/uploads\/2020\/02\/T_CB_3c_p-2048x2048.png 2048w, https:\/\/business-code.taenzer.work\/wp-content\/uploads\/2020\/02\/T_CB_3c_p-600x600.png 600w\" sizes=\"auto, (max-width: 150px) 100vw, 150px\" \/><\/a><\/figure>\n\n\n\n<p><\/p>\n<\/div>\n\n\n\n<div class=\"wp-block-column is-layout-flow wp-block-column-is-layout-flow\"><\/div>\n\n\n\n<div class=\"wp-block-column is-layout-flow wp-block-column-is-layout-flow\">\n<div class=\"wp-block-image\"><figure class=\"aligncenter\"><a href=\"https:\/\/www.softwareag.com\/corporate\/default.html\" target=\"_blank\" rel=\"noreferrer noopener\"><img loading=\"lazy\" decoding=\"async\" width=\"250\" height=\"94\" src=\"http:\/\/business-code.taenzer.work\/wp-content\/uploads\/2019\/09\/Logo_SoftwareAG.png\" alt=\"Logo Software AG\" class=\"wp-image-2033\"\/><\/a><\/figure><\/div>\n<\/div>\n\n\n\n<div class=\"wp-block-column is-layout-flow wp-block-column-is-layout-flow\"><\/div>\n<\/div>\n\n\n\n<h2 class=\"wp-block-heading\">Our business partners<\/h2>\n\n\n\n<p>We cultivate exchange, togetherness and appreciate being a member of various networks. We benefit from this to the same extent as our customers.<\/p>\n\n\n\n&nbsp;\n\n\n\n<div class=\"wp-block-columns has-3-columns is-layout-flex wp-container-core-columns-is-layout-9d6595d7 wp-block-columns-is-layout-flex\">\n<div class=\"wp-block-column is-layout-flow wp-block-column-is-layout-flow\">\n<div class=\"wp-block-image\"><figure class=\"aligncenter is-resized\"><a href=\"https:\/\/www.bvmw.de\/\" target=\"_blank\" rel=\"noreferrer noopener\"><img loading=\"lazy\" decoding=\"async\" src=\"http:\/\/business-code.taenzer.work\/wp-content\/uploads\/2019\/04\/Logo_BVMW.png\" alt=\"Logo BVMW\" class=\"wp-image-678\" width=\"251\" height=\"113\" srcset=\"https:\/\/business-code.taenzer.work\/wp-content\/uploads\/2019\/04\/Logo_BVMW.png 335w, https:\/\/business-code.taenzer.work\/wp-content\/uploads\/2019\/04\/Logo_BVMW-300x134.png 300w\" sizes=\"auto, (max-width: 251px) 100vw, 251px\" \/><\/a><\/figure><\/div>\n\n\n\n<figure class=\"wp-block-image size-medium is-resized\"><img loading=\"lazy\" decoding=\"async\" src=\"https:\/\/business-code.taenzer.work\/wp-content\/uploads\/2020\/01\/BusinessCode-zum-Ludwig-2020-in-der-Kategorie-Unternehmensnachfolge-nominiert-e1579527924260-270x300.jpg\" alt=\"BusinessCode zum Ludwig 2020 in der Kategorie Unternehmensnachfolge nominiert\" class=\"wp-image-2462\" width=\"135\" height=\"150\" srcset=\"https:\/\/business-code.taenzer.work\/wp-content\/uploads\/2020\/01\/BusinessCode-zum-Ludwig-2020-in-der-Kategorie-Unternehmensnachfolge-nominiert-e1579527924260-270x300.jpg 270w, https:\/\/business-code.taenzer.work\/wp-content\/uploads\/2020\/01\/BusinessCode-zum-Ludwig-2020-in-der-Kategorie-Unternehmensnachfolge-nominiert-e1579527924260.jpg 540w\" sizes=\"auto, (max-width: 135px) 100vw, 135px\" \/><\/figure>\n<\/div>\n\n\n\n<div class=\"wp-block-column is-layout-flow wp-block-column-is-layout-flow\">\n<div class=\"wp-block-image\"><figure class=\"aligncenter is-resized\"><a href=\"https:\/\/www.bitkom.org\/\" target=\"_blank\" rel=\"noreferrer noopener\"><img loading=\"lazy\" decoding=\"async\" src=\"http:\/\/business-code.taenzer.work\/wp-content\/uploads\/2019\/09\/Bitkom-Logo-300x143.png\" alt=\"Logo Bitkom\" class=\"wp-image-2041\" width=\"150\" height=\"72\"\/><\/a><\/figure><\/div>\n\n\n\n<p><\/p>\n<\/div>\n\n\n\n<div class=\"wp-block-column is-layout-flow wp-block-column-is-layout-flow\">\n<div class=\"wp-block-image\"><figure class=\"aligncenter is-resized\"><a href=\"https:\/\/www.ihk-bonn.de\/startseite.html\" target=\"_blank\" rel=\"noreferrer noopener\"><img loading=\"lazy\" decoding=\"async\" src=\"http:\/\/business-code.taenzer.work\/wp-content\/uploads\/2019\/04\/2019-04-02_11h13_30.png\" alt=\"Logo IHK Bonn Rhein\/Sieg\" class=\"wp-image-704\" width=\"272\" height=\"126\" srcset=\"https:\/\/business-code.taenzer.work\/wp-content\/uploads\/2019\/04\/2019-04-02_11h13_30.png 543w, https:\/\/business-code.taenzer.work\/wp-content\/uploads\/2019\/04\/2019-04-02_11h13_30-300x139.png 300w\" sizes=\"auto, (max-width: 272px) 100vw, 272px\" \/><\/a><\/figure><\/div>\n\n\n\n<div class=\"wp-block-image\"><figure class=\"aligncenter size-thumbnail\"><a href=\"https:\/\/cyber-security-cluster.eu\/\" target=\"_blank\" rel=\"noreferrer noopener\"><img loading=\"lazy\" decoding=\"async\" width=\"150\" height=\"150\" src=\"https:\/\/business-code.taenzer.work\/wp-content\/uploads\/2019\/05\/0131_Logo_Security_Cluster_Bonn_pfade_rgb-150x150.jpg\" alt=\"Logo Cyber-Security-Cluster-Bonn\" class=\"wp-image-1606\" srcset=\"https:\/\/business-code.taenzer.work\/wp-content\/uploads\/2019\/05\/0131_Logo_Security_Cluster_Bonn_pfade_rgb-150x150.jpg 150w, https:\/\/business-code.taenzer.work\/wp-content\/uploads\/2019\/05\/0131_Logo_Security_Cluster_Bonn_pfade_rgb-600x600.jpg 600w\" sizes=\"auto, (max-width: 150px) 100vw, 150px\" \/><\/a><\/figure><\/div>\n<\/div>\n<\/div>\n\n\n\n<h2 class=\"wp-block-heading\">Our engagement<\/h2>\n\n\n\n<p>We are not only engaged in the IT area, but are also active when it comes to sponsoring and charity work, for example in sports, environment or for our region.<\/p>\n\n\n\n&nbsp;\n\n\n\n<div class=\"wp-block-columns has-3-columns is-layout-flex wp-container-core-columns-is-layout-9d6595d7 wp-block-columns-is-layout-flex\">\n<div class=\"wp-block-column is-layout-flow wp-block-column-is-layout-flow\">\n<div class=\"wp-block-image\"><figure class=\"aligncenter size-medium\"><a href=\"https:\/\/ssfbonn.de\/start.html\" target=\"_blank\" rel=\"noreferrer noopener\"><img loading=\"lazy\" decoding=\"async\" width=\"300\" height=\"120\" src=\"https:\/\/business-code.taenzer.work\/wp-content\/uploads\/2019\/09\/SSF-Vereinslogo_Slogan_CMYK-300x120.jpg\" alt=\"\" class=\"wp-image-2280\"\/><\/a><figcaption> <\/figcaption><\/figure><\/div>\n\n\n\n<p>Wir unterst\u00fctzen den regionalen Breiten- und Leistungssport. Gemeinsam mit dem SSF bilden wir ein starkes Team, um ganz vorne mit dabei zu sein!  <\/p>\n<\/div>\n\n\n\n<div class=\"wp-block-column is-layout-flow wp-block-column-is-layout-flow\">\n<div class=\"wp-block-image\"><figure class=\"aligncenter size-large is-resized\"><img loading=\"lazy\" decoding=\"async\" src=\"https:\/\/business-code.taenzer.work\/wp-content\/uploads\/2020\/03\/2020-03-30_11h01_50.png\" alt=\"\" class=\"wp-image-2833\" width=\"90\" height=\"67\"\/><\/figure><\/div>\n\n\n\n<p>Der Verein MathePro e.V. organisiert j\u00e4hrlich die Regionalrunde der Matheolympiade in Bonn sowie Mathe-Wochenenden f\u00fcr die jeweiligen Preistr\u00e4ger. IT-Logik auf Basis mathematischer Algorithmen geh\u00f6rt zu unserem Tagesgesch\u00e4ft und so freuen wir uns, die Mathekompetenz in der Region zu st\u00e4rken.<\/p>\n<\/div>\n\n\n\n<div class=\"wp-block-column is-layout-flow wp-block-column-is-layout-flow\">\n<figure class=\"wp-block-image size-thumbnail is-resized\"><a href=\"https:\/\/www.wissenschaft-spass.de\/start.html\"><img loading=\"lazy\" decoding=\"async\" src=\"https:\/\/business-code.taenzer.work\/wp-content\/uploads\/2020\/02\/foerderverein-deutsches-museum-150x150.png\" alt=\"\" class=\"wp-image-2702\" width=\"120\" height=\"120\" srcset=\"https:\/\/business-code.taenzer.work\/wp-content\/uploads\/2020\/02\/foerderverein-deutsches-museum-150x150.png 150w, https:\/\/business-code.taenzer.work\/wp-content\/uploads\/2020\/02\/foerderverein-deutsches-museum.png 227w\" sizes=\"auto, (max-width: 120px) 100vw, 120px\" \/><\/a><figcaption> <\/figcaption><\/figure>\n\n\n\n<p class=\"has-text-align-left\">Durch die Mitgliedschaft im F\u00f6rderverein WISSENschaf(f)t SPASS bringen wir Sch\u00fclerinnen\/Sch\u00fclern angewandte IT n\u00e4her. Durch unser Engagement begleiten wir das Deutsche Museum Bonn auf dem Weg in die Digitalisierung!  <\/p>\n<\/div>\n\n\n\n<div class=\"wp-block-column is-layout-flow wp-block-column-is-layout-flow\">\n<div class=\"wp-block-image\"><figure class=\"aligncenter size-large\"><img loading=\"lazy\" decoding=\"async\" width=\"124\" height=\"149\" src=\"https:\/\/business-code.taenzer.work\/wp-content\/uploads\/2020\/04\/2020-04-01_10h47_11.png\" alt=\"Kleiner KoBolt e.V.\" class=\"wp-image-2881\"\/><\/figure><\/div>\n\n\n\n<p>Beim KoBoLT werden famili\u00e4re Atmosph\u00e4re und anspruchsvolles Wettkampf-Ambiente vereint. Aus Bonn hinaus in den internationalen Wettbewerb \u2013 und das erfolgreich! Dies entspricht unserer Unternehmensphilosophie und so begleiten wir den Bonner Qualifikationslaufes f\u00fcr Berg- und Ultra-Marathons. Unternehmensphilosophie, darum sind wir Sponsor des Bonner Qualifikationslaufes f\u00fcr Berg- und Ultra-Marathons.<\/p>\n<\/div>\n<\/div>\n\n\n\n<p><\/p>\n","protected":false},"excerpt":{"rendered":"<p>Get to know the technology and business partners of BusinessCode!<\/p>\n","protected":false},"author":3,"featured_media":586,"parent":447,"menu_order":0,"comment_status":"closed","ping_status":"closed","template":"","meta":{"footnotes":""},"class_list":["post-452","page","type-page","status-publish","has-post-thumbnail","hentry"],"yoast_head":"<!-- This site is optimized with the Yoast SEO plugin v20.8 - https:\/\/yoast.com\/wordpress\/plugins\/seo\/ -->\n<title>We are your partner - BusinessCode<\/title>\n<meta name=\"robots\" content=\"noindex, follow, max-snippet:-1, max-image-preview:large, max-video-preview:-1\" \/>\n<meta property=\"og:locale\" content=\"en_US\" \/>\n<meta property=\"og:type\" content=\"article\" \/>\n<meta property=\"og:title\" content=\"We are your partner - BusinessCode\" \/>\n<meta property=\"og:description\" content=\"Get to know the technology and business partners of BusinessCode!\" \/>\n<meta property=\"og:url\" content=\"https:\/\/business-code.taenzer.work\/en\/about-us\/we-are-your-partner\/\" \/>\n<meta property=\"og:site_name\" content=\"BusinessCode\" \/>\n<meta property=\"article:publisher\" content=\"https:\/\/www.facebook.com\/BusinessCodeGmbH\/\" \/>\n<meta property=\"article:modified_time\" content=\"2020-05-28T11:37:28+00:00\" \/>\n<meta property=\"og:image\" content=\"https:\/\/business-code.taenzer.work\/wp-content\/uploads\/2019\/03\/3.0_header_ueberuns_partner.jpg\" \/>\n\t<meta property=\"og:image:width\" content=\"1280\" \/>\n\t<meta property=\"og:image:height\" content=\"371\" \/>\n\t<meta property=\"og:image:type\" content=\"image\/jpeg\" \/>\n<meta name=\"twitter:card\" content=\"summary_large_image\" \/>\n<meta name=\"twitter:label1\" content=\"Est. reading time\" \/>\n\t<meta name=\"twitter:data1\" content=\"1 minute\" \/>\n<!-- \/ Yoast SEO plugin. -->","yoast_head_json":{"title":"We are your partner - BusinessCode","robots":{"index":"noindex","follow":"follow","max-snippet":"max-snippet:-1","max-image-preview":"max-image-preview:large","max-video-preview":"max-video-preview:-1"},"og_locale":"en_US","og_type":"article","og_title":"We are your partner - BusinessCode","og_description":"Get to know the technology and business partners of BusinessCode!","og_url":"https:\/\/business-code.taenzer.work\/en\/about-us\/we-are-your-partner\/","og_site_name":"BusinessCode","article_publisher":"https:\/\/www.facebook.com\/BusinessCodeGmbH\/","article_modified_time":"2020-05-28T11:37:28+00:00","og_image":[{"width":1280,"height":371,"url":"https:\/\/business-code.taenzer.work\/wp-content\/uploads\/2019\/03\/3.0_header_ueberuns_partner.jpg","type":"image\/jpeg"}],"twitter_card":"summary_large_image","twitter_misc":{"Est. reading time":"1 minute"},"schema":{"@context":"https:\/\/schema.org","@graph":[{"@type":"WebPage","@id":"https:\/\/business-code.taenzer.work\/en\/about-us\/we-are-your-partner\/","url":"https:\/\/business-code.taenzer.work\/en\/about-us\/we-are-your-partner\/","name":"We are your partner - BusinessCode","isPartOf":{"@id":"https:\/\/business-code.taenzer.work\/#website"},"datePublished":"2019-03-26T11:03:13+00:00","dateModified":"2020-05-28T11:37:28+00:00","breadcrumb":{"@id":"https:\/\/business-code.taenzer.work\/en\/about-us\/we-are-your-partner\/#breadcrumb"},"inLanguage":"en-US","potentialAction":[{"@type":"ReadAction","target":["https:\/\/business-code.taenzer.work\/en\/about-us\/we-are-your-partner\/"]}]},{"@type":"BreadcrumbList","@id":"https:\/\/business-code.taenzer.work\/en\/about-us\/we-are-your-partner\/#breadcrumb","itemListElement":[{"@type":"ListItem","position":1,"name":"Home","item":"https:\/\/business-code.taenzer.work\/en\/"},{"@type":"ListItem","position":2,"name":"About us","item":"https:\/\/business-code.taenzer.work\/en\/about-us\/"},{"@type":"ListItem","position":3,"name":"We are your partner"}]},{"@type":"WebSite","@id":"https:\/\/business-code.taenzer.work\/#website","url":"https:\/\/business-code.taenzer.work\/","name":"BusinessCode","description":"IT for future","publisher":{"@id":"https:\/\/business-code.taenzer.work\/#organization"},"potentialAction":[{"@type":"SearchAction","target":{"@type":"EntryPoint","urlTemplate":"https:\/\/business-code.taenzer.work\/?s={search_term_string}"},"query-input":"required name=search_term_string"}],"inLanguage":"en-US"},{"@type":"Organization","@id":"https:\/\/business-code.taenzer.work\/#organization","name":"BusinessCode","url":"https:\/\/business-code.taenzer.work\/","logo":{"@type":"ImageObject","inLanguage":"en-US","@id":"https:\/\/business-code.taenzer.work\/#\/schema\/logo\/image\/","url":"https:\/\/business-code.taenzer.work\/wp-content\/uploads\/2019\/03\/bc-logo.png","contentUrl":"https:\/\/business-code.taenzer.work\/wp-content\/uploads\/2019\/03\/bc-logo.png","width":274,"height":36,"caption":"BusinessCode"},"image":{"@id":"https:\/\/business-code.taenzer.work\/#\/schema\/logo\/image\/"},"sameAs":["https:\/\/www.facebook.com\/BusinessCodeGmbH\/","https:\/\/www.linkedin.com\/company\/111545\/"]}]}},"featured_image_src":"https:\/\/business-code.taenzer.work\/wp-content\/uploads\/2019\/03\/3.0_header_ueberuns_partner-600x371.jpg","featured_image_src_square":"https:\/\/business-code.taenzer.work\/wp-content\/uploads\/2019\/03\/3.0_header_ueberuns_partner-600x371.jpg","_links":{"self":[{"href":"https:\/\/business-code.taenzer.work\/en\/wp-json\/wp\/v2\/pages\/452","targetHints":{"allow":["GET"]}}],"collection":[{"href":"https:\/\/business-code.taenzer.work\/en\/wp-json\/wp\/v2\/pages"}],"about":[{"href":"https:\/\/business-code.taenzer.work\/en\/wp-json\/wp\/v2\/types\/page"}],"author":[{"embeddable":true,"href":"https:\/\/business-code.taenzer.work\/en\/wp-json\/wp\/v2\/users\/3"}],"replies":[{"embeddable":true,"href":"https:\/\/business-code.taenzer.work\/en\/wp-json\/wp\/v2\/comments?post=452"}],"version-history":[{"count":27,"href":"https:\/\/business-code.taenzer.work\/en\/wp-json\/wp\/v2\/pages\/452\/revisions"}],"predecessor-version":[{"id":2711,"href":"https:\/\/business-code.taenzer.work\/en\/wp-json\/wp\/v2\/pages\/452\/revisions\/2711"}],"up":[{"embeddable":true,"href":"https:\/\/business-code.taenzer.work\/en\/wp-json\/wp\/v2\/pages\/447"}],"wp:featuredmedia":[{"embeddable":true,"href":"https:\/\/business-code.taenzer.work\/en\/wp-json\/wp\/v2\/media\/586"}],"wp:attachment":[{"href":"https:\/\/business-code.taenzer.work\/en\/wp-json\/wp\/v2\/media?parent=452"}],"curies":[{"name":"wp","href":"https:\/\/api.w.org\/{rel}","templated":true}]}}